{"id":2013,"date":"2015-05-20T11:09:20","date_gmt":"2015-05-20T09:09:20","guid":{"rendered":"https:\/\/an-bauprofi.de\/unsere-dienstleistungen\/"},"modified":"2024-01-25T22:20:13","modified_gmt":"2024-01-25T21:20:13","slug":"unsere-dienstleistungen","status":"publish","type":"page","link":"https:\/\/an-bauprofi.de\/de\/unsere-dienstleistungen\/","title":{"rendered":"UNSERE DIENSTLEISTUNGEN"},"content":{"rendered":"<section class=\"wpb-content-wrapper\"><p>[vc_row el_class=&#8220;padding-top-70&#8243;][vc_column]<ul class=\"services-list clearfix\"><li class=\"vc_row wpb_row vc_row-fluid\"><ul><li><a href=\"https:\/\/an-bauprofi.de\/de\/services\/rollos\/\" title=\"ROLLOS\"><img loading=\"lazy\" decoding=\"async\" width=\"390\" height=\"260\" src=\"https:\/\/an-bauprofi.de\/wp-content\/uploads\/2015\/05\/Rolety-390x260.jpg\" class=\"attachment-medium-thumb size-medium-thumb wp-post-image\" alt=\"ROLLOS\" title=\"\" srcset=\"https:\/\/an-bauprofi.de\/wp-content\/uploads\/2015\/05\/Rolety-390x260.jpg 390w, https:\/\/an-bauprofi.de\/wp-content\/uploads\/2015\/05\/Rolety-300x200.jpg 300w, https:\/\/an-bauprofi.de\/wp-content\/uploads\/2015\/05\/Rolety-1024x683.jpg 1024w, https:\/\/an-bauprofi.de\/wp-content\/uploads\/2015\/05\/Rolety-768x512.jpg 768w, https:\/\/an-bauprofi.de\/wp-content\/uploads\/2015\/05\/Rolety-1536x1024.jpg 1536w, https:\/\/an-bauprofi.de\/wp-content\/uploads\/2015\/05\/Rolety-2048x1365.jpg 2048w, https:\/\/an-bauprofi.de\/wp-content\/uploads\/2015\/05\/Rolety-750x500.jpg 750w, https:\/\/an-bauprofi.de\/wp-content\/uploads\/2015\/05\/Rolety-570x380.jpg 570w, https:\/\/an-bauprofi.de\/wp-content\/uploads\/2015\/05\/Rolety-480x320.jpg 480w, https:\/\/an-bauprofi.de\/wp-content\/uploads\/2015\/05\/Rolety-270x180.jpg 270w, https:\/\/an-bauprofi.de\/wp-content\/uploads\/2015\/05\/Rolety-600x400.jpg 600w\" sizes=\"auto, (max-width: 390px) 100vw, 390px\" \/><\/a><h4 class=\"box-header\"><a href=\"https:\/\/an-bauprofi.de\/de\/services\/rollos\/\" title=\"ROLLOS\">ROLLOS<\/a><\/h4><p>Au\u00dfenjalousien erf\u00fcllen viele Funktionen. Es handelt sich um einen Einbruchschutz, einen W\u00e4rmeschutz, eine akustische Barriere sowie einen Au\u00dfenvorhang, der Intimit\u00e4t und Ruhe gew\u00e4hrleistet.<\/p>\n<\/li><li><a href=\"https:\/\/an-bauprofi.de\/de\/services\/ornamente\/\" title=\"ORNAMENTE\"><img loading=\"lazy\" decoding=\"async\" width=\"390\" height=\"260\" src=\"https:\/\/an-bauprofi.de\/wp-content\/uploads\/2023\/08\/4-1-390x260.jpeg\" class=\"attachment-medium-thumb size-medium-thumb wp-post-image\" alt=\"ORNAMENTE\" title=\"\" srcset=\"https:\/\/an-bauprofi.de\/wp-content\/uploads\/2023\/08\/4-1-390x260.jpeg 390w, https:\/\/an-bauprofi.de\/wp-content\/uploads\/2023\/08\/4-1-750x500.jpeg 750w, https:\/\/an-bauprofi.de\/wp-content\/uploads\/2023\/08\/4-1-570x380.jpeg 570w, https:\/\/an-bauprofi.de\/wp-content\/uploads\/2023\/08\/4-1-480x320.jpeg 480w, https:\/\/an-bauprofi.de\/wp-content\/uploads\/2023\/08\/4-1-270x180.jpeg 270w\" sizes=\"auto, (max-width: 390px) 100vw, 390px\" \/><\/a><h4 class=\"box-header\"><a href=\"https:\/\/an-bauprofi.de\/de\/services\/ornamente\/\" title=\"ORNAMENTE\">ORNAMENTE<\/a><\/h4><p>Ornament \u2013 \u200b\u200bein Motiv oder eine Reihe von Ziermotiven, die in der Architektur oder der bildenden Kunst verwendet werden.<\/p>\n<\/li><li><a href=\"https:\/\/an-bauprofi.de\/de\/services\/aluminium-tueren\/\" title=\"ALUMINIUM-T\u00dcREN\"><img loading=\"lazy\" decoding=\"async\" width=\"390\" height=\"260\" src=\"https:\/\/an-bauprofi.de\/wp-content\/uploads\/2023\/08\/DRZWI-ALUMINIOWE-390x260.jpg\" class=\"attachment-medium-thumb size-medium-thumb wp-post-image\" alt=\"ALUMINIUM-T\u00dcREN\" title=\"\" srcset=\"https:\/\/an-bauprofi.de\/wp-content\/uploads\/2023\/08\/DRZWI-ALUMINIOWE-390x260.jpg 390w, https:\/\/an-bauprofi.de\/wp-content\/uploads\/2023\/08\/DRZWI-ALUMINIOWE-750x500.jpg 750w, https:\/\/an-bauprofi.de\/wp-content\/uploads\/2023\/08\/DRZWI-ALUMINIOWE-570x380.jpg 570w, https:\/\/an-bauprofi.de\/wp-content\/uploads\/2023\/08\/DRZWI-ALUMINIOWE-480x320.jpg 480w, https:\/\/an-bauprofi.de\/wp-content\/uploads\/2023\/08\/DRZWI-ALUMINIOWE-270x180.jpg 270w\" sizes=\"auto, (max-width: 390px) 100vw, 390px\" \/><\/a><h4 class=\"box-header\"><a href=\"https:\/\/an-bauprofi.de\/de\/services\/aluminium-tueren\/\" title=\"ALUMINIUM-T\u00dcREN\">ALUMINIUM-T\u00dcREN<\/a><\/h4><p>Unsere \u201eAluminiumt\u00fcr\u201c ist eine Kombination aus Langlebigkeit und modernem Design, die perfekt zu architektonischen Trends passt.<\/p>\n<\/li><\/ul><\/li><li class=\"vc_row wpb_row vc_row-fluid\"><ul><li><a href=\"https:\/\/an-bauprofi.de\/de\/services\/tuer\/\" title=\"T\u00dcR\"><img loading=\"lazy\" decoding=\"async\" width=\"390\" height=\"260\" src=\"https:\/\/an-bauprofi.de\/wp-content\/uploads\/2023\/08\/DRZWI-390x260.jpg\" class=\"attachment-medium-thumb size-medium-thumb wp-post-image\" alt=\"T\u00dcR\" title=\"\" srcset=\"https:\/\/an-bauprofi.de\/wp-content\/uploads\/2023\/08\/DRZWI-390x260.jpg 390w, https:\/\/an-bauprofi.de\/wp-content\/uploads\/2023\/08\/DRZWI-750x500.jpg 750w, https:\/\/an-bauprofi.de\/wp-content\/uploads\/2023\/08\/DRZWI-570x380.jpg 570w, https:\/\/an-bauprofi.de\/wp-content\/uploads\/2023\/08\/DRZWI-480x320.jpg 480w, https:\/\/an-bauprofi.de\/wp-content\/uploads\/2023\/08\/DRZWI-270x180.jpg 270w\" sizes=\"auto, (max-width: 390px) 100vw, 390px\" \/><\/a><h4 class=\"box-header\"><a href=\"https:\/\/an-bauprofi.de\/de\/services\/tuer\/\" title=\"T\u00dcR\">T\u00dcR<\/a><\/h4><p>T\u00fcren \u2013 Eintrittskarten zu einzigartigen R\u00e4umen und unz\u00e4hligen M\u00f6glichkeiten. Sie sind nicht nur eine physische Verbindung zwischen R\u00e4umen, sondern auch ein symbolischer \u00dcbergang zu neuen Erlebnissen und Momenten.<\/p>\n<\/li><li><a href=\"https:\/\/an-bauprofi.de\/de\/services\/mueckennetz\/\" title=\"M\u00dcCKENNETZ\"><img loading=\"lazy\" decoding=\"async\" width=\"390\" height=\"260\" src=\"https:\/\/an-bauprofi.de\/wp-content\/uploads\/2023\/08\/Moskitiera-390x260.jpg\" class=\"attachment-medium-thumb size-medium-thumb wp-post-image\" alt=\"M\u00dcCKENNETZ\" title=\"\" srcset=\"https:\/\/an-bauprofi.de\/wp-content\/uploads\/2023\/08\/Moskitiera-390x260.jpg 390w, https:\/\/an-bauprofi.de\/wp-content\/uploads\/2023\/08\/Moskitiera-750x500.jpg 750w, https:\/\/an-bauprofi.de\/wp-content\/uploads\/2023\/08\/Moskitiera-570x380.jpg 570w, https:\/\/an-bauprofi.de\/wp-content\/uploads\/2023\/08\/Moskitiera-480x320.jpg 480w, https:\/\/an-bauprofi.de\/wp-content\/uploads\/2023\/08\/Moskitiera-270x180.jpg 270w\" sizes=\"auto, (max-width: 390px) 100vw, 390px\" \/><\/a><h4 class=\"box-header\"><a href=\"https:\/\/an-bauprofi.de\/de\/services\/mueckennetz\/\" title=\"M\u00dcCKENNETZ\">M\u00dcCKENNETZ<\/a><\/h4><p>Unsere \u201eMoskitonetze\u201c sind eine zuverl\u00e4ssige L\u00f6sung, die vor l\u00e4stigen Insekten sch\u00fctzt und gleichzeitig eine freie Bel\u00fcftung der R\u00e4ume erm\u00f6glicht.<\/p>\n<\/li><li><a href=\"https:\/\/an-bauprofi.de\/de\/services\/pvc-tueren\/\" title=\"PVC-T\u00dcREN\"><img loading=\"lazy\" decoding=\"async\" width=\"390\" height=\"260\" src=\"https:\/\/an-bauprofi.de\/wp-content\/uploads\/2023\/08\/DRZWI-PVC-1-390x260.jpg\" class=\"attachment-medium-thumb size-medium-thumb wp-post-image\" alt=\"PVC-T\u00dcREN\" title=\"\" srcset=\"https:\/\/an-bauprofi.de\/wp-content\/uploads\/2023\/08\/DRZWI-PVC-1-390x260.jpg 390w, https:\/\/an-bauprofi.de\/wp-content\/uploads\/2023\/08\/DRZWI-PVC-1-750x500.jpg 750w, https:\/\/an-bauprofi.de\/wp-content\/uploads\/2023\/08\/DRZWI-PVC-1-570x380.jpg 570w, https:\/\/an-bauprofi.de\/wp-content\/uploads\/2023\/08\/DRZWI-PVC-1-480x320.jpg 480w, https:\/\/an-bauprofi.de\/wp-content\/uploads\/2023\/08\/DRZWI-PVC-1-270x180.jpg 270w\" sizes=\"auto, (max-width: 390px) 100vw, 390px\" \/><\/a><h4 class=\"box-header\"><a href=\"https:\/\/an-bauprofi.de\/de\/services\/pvc-tueren\/\" title=\"PVC-T\u00dcREN\">PVC-T\u00dcREN<\/a><\/h4><p>Unsere \u201ePVC-T\u00fcren\u201c sind die perfekte L\u00f6sung f\u00fcr alle, die T\u00fcren suchen, die sich durch eine hohe W\u00e4rme- und Schalld\u00e4mmung auszeichnen.<\/p>\n<\/li><\/ul><\/li><li class=\"vc_row wpb_row vc_row-fluid\"><ul><li><a href=\"https:\/\/an-bauprofi.de\/de\/services\/drei-glas-fenster-paket\/\" title=\"DREI-GLAS-FENSTER-PAKET\"><img loading=\"lazy\" decoding=\"async\" width=\"390\" height=\"260\" src=\"https:\/\/an-bauprofi.de\/wp-content\/uploads\/2023\/08\/OKNA-ALUMINIOWE_L-390x260.jpg\" class=\"attachment-medium-thumb size-medium-thumb wp-post-image\" alt=\"DREI-GLAS-FENSTER-PAKET\" title=\"\" srcset=\"https:\/\/an-bauprofi.de\/wp-content\/uploads\/2023\/08\/OKNA-ALUMINIOWE_L-390x260.jpg 390w, https:\/\/an-bauprofi.de\/wp-content\/uploads\/2023\/08\/OKNA-ALUMINIOWE_L-300x200.jpg 300w, https:\/\/an-bauprofi.de\/wp-content\/uploads\/2023\/08\/OKNA-ALUMINIOWE_L-1024x683.jpg 1024w, https:\/\/an-bauprofi.de\/wp-content\/uploads\/2023\/08\/OKNA-ALUMINIOWE_L-768x512.jpg 768w, https:\/\/an-bauprofi.de\/wp-content\/uploads\/2023\/08\/OKNA-ALUMINIOWE_L-1536x1024.jpg 1536w, https:\/\/an-bauprofi.de\/wp-content\/uploads\/2023\/08\/OKNA-ALUMINIOWE_L-2048x1365.jpg 2048w, https:\/\/an-bauprofi.de\/wp-content\/uploads\/2023\/08\/OKNA-ALUMINIOWE_L-750x500.jpg 750w, https:\/\/an-bauprofi.de\/wp-content\/uploads\/2023\/08\/OKNA-ALUMINIOWE_L-570x380.jpg 570w, https:\/\/an-bauprofi.de\/wp-content\/uploads\/2023\/08\/OKNA-ALUMINIOWE_L-480x320.jpg 480w, https:\/\/an-bauprofi.de\/wp-content\/uploads\/2023\/08\/OKNA-ALUMINIOWE_L-270x180.jpg 270w, https:\/\/an-bauprofi.de\/wp-content\/uploads\/2023\/08\/OKNA-ALUMINIOWE_L-600x400.jpg 600w\" sizes=\"auto, (max-width: 390px) 100vw, 390px\" \/><\/a><h4 class=\"box-header\"><a href=\"https:\/\/an-bauprofi.de\/de\/services\/drei-glas-fenster-paket\/\" title=\"DREI-GLAS-FENSTER-PAKET\">DREI-GLAS-FENSTER-PAKET<\/a><\/h4><p>Unser \u201ePaket Dreifachverglasung\u201c ist eine L\u00f6sung f\u00fcr alle, die in ihrem Zuhause maximale W\u00e4rme- und Schalld\u00e4mmung w\u00fcnschen. Bestehend aus drei Glasschichten garantiert dieses Paket einen hervorragenden Schutz vor W\u00e4rmeverlust und Ger\u00e4uschreduzierung von au\u00dfen. Es ist die perfekte Wahl f\u00fcr alle, die au\u00dfergew\u00f6hnlichen Komfort und Energieeinsparungen genie\u00dfen m\u00f6chten.<\/p>\n<\/li><li><a href=\"https:\/\/an-bauprofi.de\/de\/services\/pvc-fenster\/\" title=\"PVC-FENSTER\"><img loading=\"lazy\" decoding=\"async\" width=\"390\" height=\"260\" src=\"https:\/\/an-bauprofi.de\/wp-content\/uploads\/2023\/08\/OKNA-ALUMINIOWE_R-390x260.jpg\" class=\"attachment-medium-thumb size-medium-thumb wp-post-image\" alt=\"PVC-FENSTER\" title=\"\" srcset=\"https:\/\/an-bauprofi.de\/wp-content\/uploads\/2023\/08\/OKNA-ALUMINIOWE_R-390x260.jpg 390w, https:\/\/an-bauprofi.de\/wp-content\/uploads\/2023\/08\/OKNA-ALUMINIOWE_R-300x200.jpg 300w, https:\/\/an-bauprofi.de\/wp-content\/uploads\/2023\/08\/OKNA-ALUMINIOWE_R-1024x684.jpg 1024w, https:\/\/an-bauprofi.de\/wp-content\/uploads\/2023\/08\/OKNA-ALUMINIOWE_R-768x513.jpg 768w, https:\/\/an-bauprofi.de\/wp-content\/uploads\/2023\/08\/OKNA-ALUMINIOWE_R-1536x1025.jpg 1536w, https:\/\/an-bauprofi.de\/wp-content\/uploads\/2023\/08\/OKNA-ALUMINIOWE_R-2048x1367.jpg 2048w, https:\/\/an-bauprofi.de\/wp-content\/uploads\/2023\/08\/OKNA-ALUMINIOWE_R-750x500.jpg 750w, https:\/\/an-bauprofi.de\/wp-content\/uploads\/2023\/08\/OKNA-ALUMINIOWE_R-570x380.jpg 570w, https:\/\/an-bauprofi.de\/wp-content\/uploads\/2023\/08\/OKNA-ALUMINIOWE_R-480x320.jpg 480w, https:\/\/an-bauprofi.de\/wp-content\/uploads\/2023\/08\/OKNA-ALUMINIOWE_R-270x180.jpg 270w, https:\/\/an-bauprofi.de\/wp-content\/uploads\/2023\/08\/OKNA-ALUMINIOWE_R-600x401.jpg 600w\" sizes=\"auto, (max-width: 390px) 100vw, 390px\" \/><\/a><h4 class=\"box-header\"><a href=\"https:\/\/an-bauprofi.de\/de\/services\/pvc-fenster\/\" title=\"PVC-FENSTER\">PVC-FENSTER<\/a><\/h4><p>Unsere PVC-Fenster sind eine perfekte L\u00f6sung f\u00fcr alle, die langlebige, energiesparende und \u00e4sthetisch gestaltete Fenster f\u00fcr ihr Zuhause suchen. Die Wahl der Fenster ist entscheidend f\u00fcr den Komfort und die Energieeffizienz Ihrer Wohnung. Deshalb bieten wir ein Produkt an, das alle Ihre Erwartungen erf\u00fcllt.<\/p>\n<\/li><li><a href=\"https:\/\/an-bauprofi.de\/de\/services\/schweller-aus-aluminium\/\" title=\"Schweller aus Aluminium\"><img loading=\"lazy\" decoding=\"async\" width=\"390\" height=\"260\" src=\"https:\/\/an-bauprofi.de\/wp-content\/uploads\/2023\/08\/Parapety_v2-390x260.jpeg\" class=\"attachment-medium-thumb size-medium-thumb wp-post-image\" alt=\"Schweller aus Aluminium\" title=\"\" srcset=\"https:\/\/an-bauprofi.de\/wp-content\/uploads\/2023\/08\/Parapety_v2-390x260.jpeg 390w, https:\/\/an-bauprofi.de\/wp-content\/uploads\/2023\/08\/Parapety_v2-750x500.jpeg 750w, https:\/\/an-bauprofi.de\/wp-content\/uploads\/2023\/08\/Parapety_v2-570x380.jpeg 570w, https:\/\/an-bauprofi.de\/wp-content\/uploads\/2023\/08\/Parapety_v2-480x320.jpeg 480w, https:\/\/an-bauprofi.de\/wp-content\/uploads\/2023\/08\/Parapety_v2-270x180.jpeg 270w\" sizes=\"auto, (max-width: 390px) 100vw, 390px\" \/><\/a><h4 class=\"box-header\"><a href=\"https:\/\/an-bauprofi.de\/de\/services\/schweller-aus-aluminium\/\" title=\"Schweller aus Aluminium\">Schweller aus Aluminium<\/a><\/h4><p>Unsere \u201eAluminium-Fensterb\u00e4nke\u201c sind die perfekte L\u00f6sung f\u00fcr alle, die ein langlebiges, witterungsbest\u00e4ndiges und modernes Material f\u00fcr Fensterb\u00e4nke in ihrem Innenraum suchen.<\/p>\n<\/li><\/ul><\/li><li class=\"vc_row wpb_row vc_row-fluid\"><ul><li><a href=\"https:\/\/an-bauprofi.de\/de\/services\/doppelglas-fensterpaket\/\" title=\"DOPPELGLAS-FENSTERPAKET\"><img loading=\"lazy\" decoding=\"async\" width=\"390\" height=\"260\" src=\"https:\/\/an-bauprofi.de\/wp-content\/uploads\/2023\/08\/OKNA-ALUMINIOWE_L-390x260.jpg\" class=\"attachment-medium-thumb size-medium-thumb wp-post-image\" alt=\"DOPPELGLAS-FENSTERPAKET\" title=\"\" srcset=\"https:\/\/an-bauprofi.de\/wp-content\/uploads\/2023\/08\/OKNA-ALUMINIOWE_L-390x260.jpg 390w, https:\/\/an-bauprofi.de\/wp-content\/uploads\/2023\/08\/OKNA-ALUMINIOWE_L-300x200.jpg 300w, https:\/\/an-bauprofi.de\/wp-content\/uploads\/2023\/08\/OKNA-ALUMINIOWE_L-1024x683.jpg 1024w, https:\/\/an-bauprofi.de\/wp-content\/uploads\/2023\/08\/OKNA-ALUMINIOWE_L-768x512.jpg 768w, https:\/\/an-bauprofi.de\/wp-content\/uploads\/2023\/08\/OKNA-ALUMINIOWE_L-1536x1024.jpg 1536w, https:\/\/an-bauprofi.de\/wp-content\/uploads\/2023\/08\/OKNA-ALUMINIOWE_L-2048x1365.jpg 2048w, https:\/\/an-bauprofi.de\/wp-content\/uploads\/2023\/08\/OKNA-ALUMINIOWE_L-750x500.jpg 750w, https:\/\/an-bauprofi.de\/wp-content\/uploads\/2023\/08\/OKNA-ALUMINIOWE_L-570x380.jpg 570w, https:\/\/an-bauprofi.de\/wp-content\/uploads\/2023\/08\/OKNA-ALUMINIOWE_L-480x320.jpg 480w, https:\/\/an-bauprofi.de\/wp-content\/uploads\/2023\/08\/OKNA-ALUMINIOWE_L-270x180.jpg 270w, https:\/\/an-bauprofi.de\/wp-content\/uploads\/2023\/08\/OKNA-ALUMINIOWE_L-600x400.jpg 600w\" sizes=\"auto, (max-width: 390px) 100vw, 390px\" \/><\/a><h4 class=\"box-header\"><a href=\"https:\/\/an-bauprofi.de\/de\/services\/doppelglas-fensterpaket\/\" title=\"DOPPELGLAS-FENSTERPAKET\">DOPPELGLAS-FENSTERPAKET<\/a><\/h4><p>Unser \u201ePaket mit doppelt verglasten Fenstern\u201c ist eine ideale L\u00f6sung f\u00fcr alle, die die W\u00e4rme- und Schalld\u00e4mmung ihrer Wohnung verbessern m\u00f6chten. Bestehend aus zwei Glasschichten reduziert dieses Paket den W\u00e4rmeverlust perfekt und sorgt so f\u00fcr eine optimale Temperatur in den R\u00e4umen. Dar\u00fcber hinaus sorgt die Ger\u00e4uschreduzierung von au\u00dfen f\u00fcr eine ruhige und angenehme Atmosph\u00e4re in Ihrem Innenraum.<\/p>\n<\/li><li><a href=\"https:\/\/an-bauprofi.de\/de\/services\/aluminiumfenster\/\" title=\"ALUMINIUMFENSTER\"><img loading=\"lazy\" decoding=\"async\" width=\"390\" height=\"260\" src=\"https:\/\/an-bauprofi.de\/wp-content\/uploads\/2023\/08\/OKNA-ALUMINIOWE_R-390x260.jpg\" class=\"attachment-medium-thumb size-medium-thumb wp-post-image\" alt=\"ALUMINIUMFENSTER\" title=\"\" srcset=\"https:\/\/an-bauprofi.de\/wp-content\/uploads\/2023\/08\/OKNA-ALUMINIOWE_R-390x260.jpg 390w, https:\/\/an-bauprofi.de\/wp-content\/uploads\/2023\/08\/OKNA-ALUMINIOWE_R-300x200.jpg 300w, https:\/\/an-bauprofi.de\/wp-content\/uploads\/2023\/08\/OKNA-ALUMINIOWE_R-1024x684.jpg 1024w, https:\/\/an-bauprofi.de\/wp-content\/uploads\/2023\/08\/OKNA-ALUMINIOWE_R-768x513.jpg 768w, https:\/\/an-bauprofi.de\/wp-content\/uploads\/2023\/08\/OKNA-ALUMINIOWE_R-1536x1025.jpg 1536w, https:\/\/an-bauprofi.de\/wp-content\/uploads\/2023\/08\/OKNA-ALUMINIOWE_R-2048x1367.jpg 2048w, https:\/\/an-bauprofi.de\/wp-content\/uploads\/2023\/08\/OKNA-ALUMINIOWE_R-750x500.jpg 750w, https:\/\/an-bauprofi.de\/wp-content\/uploads\/2023\/08\/OKNA-ALUMINIOWE_R-570x380.jpg 570w, https:\/\/an-bauprofi.de\/wp-content\/uploads\/2023\/08\/OKNA-ALUMINIOWE_R-480x320.jpg 480w, https:\/\/an-bauprofi.de\/wp-content\/uploads\/2023\/08\/OKNA-ALUMINIOWE_R-270x180.jpg 270w, https:\/\/an-bauprofi.de\/wp-content\/uploads\/2023\/08\/OKNA-ALUMINIOWE_R-600x401.jpg 600w\" sizes=\"auto, (max-width: 390px) 100vw, 390px\" \/><\/a><h4 class=\"box-header\"><a href=\"https:\/\/an-bauprofi.de\/de\/services\/aluminiumfenster\/\" title=\"ALUMINIUMFENSTER\">ALUMINIUMFENSTER<\/a><\/h4><p>Unsere Aluminiumfenster stehen f\u00fcr Modernit\u00e4t, \u00c4sthetik und Langlebigkeit. Sie bestehen aus hochwertigem Aluminium und bieten eine au\u00dfergew\u00f6hnliche Witterungsbest\u00e4ndigkeit und eine langlebige \u00c4sthetik. Sie sind in einer Vielzahl von Mustern und Farben erh\u00e4ltlich und passen perfekt zur Architektur Ihres Zuhauses.<\/p>\n<\/li><li><a href=\"https:\/\/an-bauprofi.de\/de\/services\/steinfenster\/\" title=\"STEINFENSTER\"><img loading=\"lazy\" decoding=\"async\" width=\"390\" height=\"260\" src=\"https:\/\/an-bauprofi.de\/wp-content\/uploads\/2023\/08\/PARAPETY-KAMIENNE-390x260.jpg\" class=\"attachment-medium-thumb size-medium-thumb wp-post-image\" alt=\"STEINFENSTER\" title=\"\" srcset=\"https:\/\/an-bauprofi.de\/wp-content\/uploads\/2023\/08\/PARAPETY-KAMIENNE-390x260.jpg 390w, https:\/\/an-bauprofi.de\/wp-content\/uploads\/2023\/08\/PARAPETY-KAMIENNE-300x200.jpg 300w, https:\/\/an-bauprofi.de\/wp-content\/uploads\/2023\/08\/PARAPETY-KAMIENNE-1024x683.jpg 1024w, https:\/\/an-bauprofi.de\/wp-content\/uploads\/2023\/08\/PARAPETY-KAMIENNE-768x512.jpg 768w, https:\/\/an-bauprofi.de\/wp-content\/uploads\/2023\/08\/PARAPETY-KAMIENNE-1536x1024.jpg 1536w, https:\/\/an-bauprofi.de\/wp-content\/uploads\/2023\/08\/PARAPETY-KAMIENNE-2048x1365.jpg 2048w, https:\/\/an-bauprofi.de\/wp-content\/uploads\/2023\/08\/PARAPETY-KAMIENNE-750x500.jpg 750w, https:\/\/an-bauprofi.de\/wp-content\/uploads\/2023\/08\/PARAPETY-KAMIENNE-570x380.jpg 570w, https:\/\/an-bauprofi.de\/wp-content\/uploads\/2023\/08\/PARAPETY-KAMIENNE-480x320.jpg 480w, https:\/\/an-bauprofi.de\/wp-content\/uploads\/2023\/08\/PARAPETY-KAMIENNE-270x180.jpg 270w, https:\/\/an-bauprofi.de\/wp-content\/uploads\/2023\/08\/PARAPETY-KAMIENNE-600x400.jpg 600w\" sizes=\"auto, (max-width: 390px) 100vw, 390px\" \/><\/a><h4 class=\"box-header\"><a href=\"https:\/\/an-bauprofi.de\/de\/services\/steinfenster\/\" title=\"STEINFENSTER\">STEINFENSTER<\/a><\/h4><p>Unsere \u201eSteinfensterb\u00e4nke\u201c sind eine einzigartige L\u00f6sung f\u00fcr alle, die ihrem Interieur edlen Charme und Eleganz verleihen m\u00f6chten.<\/p>\n<\/li><\/ul><\/li><li class=\"vc_row wpb_row vc_row-fluid\"><ul><li><a href=\"https:\/\/an-bauprofi.de\/de\/services\/garagentore\/\" title=\"GARAGENTORE\"><img loading=\"lazy\" decoding=\"async\" width=\"390\" height=\"260\" src=\"https:\/\/an-bauprofi.de\/wp-content\/uploads\/2023\/08\/BRAMY-GARAZOWE_R-390x260.jpg\" class=\"attachment-medium-thumb size-medium-thumb wp-post-image\" alt=\"GARAGENTORE\" title=\"\" srcset=\"https:\/\/an-bauprofi.de\/wp-content\/uploads\/2023\/08\/BRAMY-GARAZOWE_R-390x260.jpg 390w, https:\/\/an-bauprofi.de\/wp-content\/uploads\/2023\/08\/BRAMY-GARAZOWE_R-300x200.jpg 300w, https:\/\/an-bauprofi.de\/wp-content\/uploads\/2023\/08\/BRAMY-GARAZOWE_R-1024x681.jpg 1024w, https:\/\/an-bauprofi.de\/wp-content\/uploads\/2023\/08\/BRAMY-GARAZOWE_R-768x511.jpg 768w, https:\/\/an-bauprofi.de\/wp-content\/uploads\/2023\/08\/BRAMY-GARAZOWE_R-1536x1022.jpg 1536w, https:\/\/an-bauprofi.de\/wp-content\/uploads\/2023\/08\/BRAMY-GARAZOWE_R-2048x1363.jpg 2048w, https:\/\/an-bauprofi.de\/wp-content\/uploads\/2023\/08\/BRAMY-GARAZOWE_R-750x500.jpg 750w, https:\/\/an-bauprofi.de\/wp-content\/uploads\/2023\/08\/BRAMY-GARAZOWE_R-570x380.jpg 570w, https:\/\/an-bauprofi.de\/wp-content\/uploads\/2023\/08\/BRAMY-GARAZOWE_R-480x320.jpg 480w, https:\/\/an-bauprofi.de\/wp-content\/uploads\/2023\/08\/BRAMY-GARAZOWE_R-270x180.jpg 270w, https:\/\/an-bauprofi.de\/wp-content\/uploads\/2023\/08\/BRAMY-GARAZOWE_R-600x399.jpg 600w\" sizes=\"auto, (max-width: 390px) 100vw, 390px\" \/><\/a><h4 class=\"box-header\"><a href=\"https:\/\/an-bauprofi.de\/de\/services\/garagentore\/\" title=\"GARAGENTORE\">GARAGENTORE<\/a><\/h4><p>Unsere \u201eGaragentore\u201c sind eine L\u00f6sung, die nicht nur Funktionalit\u00e4t vereint, sondern auch f\u00fcr die Sicherheit Ihres Fahrzeugs und Eigentums sorgt.<\/p>\n<\/li><li><a href=\"https:\/\/an-bauprofi.de\/de\/services\/montagematerialien\/\" title=\"MONTAGEMATERIALIEN\"><img loading=\"lazy\" decoding=\"async\" width=\"390\" height=\"260\" src=\"https:\/\/an-bauprofi.de\/wp-content\/uploads\/2023\/08\/MATERIALY-MONTAZOWE-390x260.jpg\" class=\"attachment-medium-thumb size-medium-thumb wp-post-image\" alt=\"MONTAGEMATERIALIEN\" title=\"\" srcset=\"https:\/\/an-bauprofi.de\/wp-content\/uploads\/2023\/08\/MATERIALY-MONTAZOWE-390x260.jpg 390w, https:\/\/an-bauprofi.de\/wp-content\/uploads\/2023\/08\/MATERIALY-MONTAZOWE-300x200.jpg 300w, https:\/\/an-bauprofi.de\/wp-content\/uploads\/2023\/08\/MATERIALY-MONTAZOWE-1024x683.jpg 1024w, https:\/\/an-bauprofi.de\/wp-content\/uploads\/2023\/08\/MATERIALY-MONTAZOWE-768x513.jpg 768w, https:\/\/an-bauprofi.de\/wp-content\/uploads\/2023\/08\/MATERIALY-MONTAZOWE-1536x1025.jpg 1536w, https:\/\/an-bauprofi.de\/wp-content\/uploads\/2023\/08\/MATERIALY-MONTAZOWE-2048x1367.jpg 2048w, https:\/\/an-bauprofi.de\/wp-content\/uploads\/2023\/08\/MATERIALY-MONTAZOWE-750x500.jpg 750w, https:\/\/an-bauprofi.de\/wp-content\/uploads\/2023\/08\/MATERIALY-MONTAZOWE-570x380.jpg 570w, https:\/\/an-bauprofi.de\/wp-content\/uploads\/2023\/08\/MATERIALY-MONTAZOWE-480x320.jpg 480w, https:\/\/an-bauprofi.de\/wp-content\/uploads\/2023\/08\/MATERIALY-MONTAZOWE-270x180.jpg 270w, https:\/\/an-bauprofi.de\/wp-content\/uploads\/2023\/08\/MATERIALY-MONTAZOWE-600x400.jpg 600w\" sizes=\"auto, (max-width: 390px) 100vw, 390px\" \/><\/a><h4 class=\"box-header\"><a href=\"https:\/\/an-bauprofi.de\/de\/services\/montagematerialien\/\" title=\"MONTAGEMATERIALIEN\">MONTAGEMATERIALIEN<\/a><\/h4><p>Unsere \u201eMontagematerialien\u201c sind ein unverzichtbarer Bestandteil jedes Projekts im Zusammenhang mit der Installation von Fenstern, T\u00fcren oder anderen Tischlereielementen.<\/p>\n<\/li><\/ul><\/li><\/ul>[\/vc_column][\/vc_row]<\/p>\n<\/section>","protected":false},"excerpt":{"rendered":"<p>[vc_row el_class=&#8220;padding-top-70&#8243;][vc_column][\/vc_column][\/vc_row]<\/p>\n","protected":false},"author":1,"featured_media":0,"parent":0,"menu_order":0,"comment_status":"open","ping_status":"open","template":"","meta":{"footnotes":""},"class_list":["post-2013","page","type-page","status-publish","hentry"],"_links":{"self":[{"href":"https:\/\/an-bauprofi.de\/de\/wp-json\/wp\/v2\/pages\/2013","targetHints":{"allow":["GET"]}}],"collection":[{"href":"https:\/\/an-bauprofi.de\/de\/wp-json\/wp\/v2\/pages"}],"about":[{"href":"https:\/\/an-bauprofi.de\/de\/wp-json\/wp\/v2\/types\/page"}],"author":[{"embeddable":true,"href":"https:\/\/an-bauprofi.de\/de\/wp-json\/wp\/v2\/users\/1"}],"replies":[{"embeddable":true,"href":"https:\/\/an-bauprofi.de\/de\/wp-json\/wp\/v2\/comments?post=2013"}],"version-history":[{"count":4,"href":"https:\/\/an-bauprofi.de\/de\/wp-json\/wp\/v2\/pages\/2013\/revisions"}],"predecessor-version":[{"id":2281,"href":"https:\/\/an-bauprofi.de\/de\/wp-json\/wp\/v2\/pages\/2013\/revisions\/2281"}],"wp:attachment":[{"href":"https:\/\/an-bauprofi.de\/de\/wp-json\/wp\/v2\/media?parent=2013"}],"curies":[{"name":"wp","href":"https:\/\/api.w.org\/{rel}","templated":true}]}}